{"id":14,"date":"2022-10-06T15:20:51","date_gmt":"2022-10-06T13:20:51","guid":{"rendered":"https:\/\/leshautsdesaintsiffret.fr\/?page_id=14"},"modified":"2025-11-11T10:53:05","modified_gmt":"2025-11-11T09:53:05","slug":"a-propos-de","status":"publish","type":"page","link":"https:\/\/leshautsdesaintsiffret.fr\/?page_id=14","title":{"rendered":"L&rsquo;h\u00e9bergement ***"},"content":{"rendered":"\n<p>Id\u00e9alement situ\u00e9 dans le quartier r\u00e9sidentiel des Darbounelles de Saint Siffret, vous serez accueilli(e)s seul(e) ou \u00e0 deux (sans enfant) dans une annexe ind\u00e9pendante de 35 m2 au bord de notre belle piscine, dans un jardin clos ombrag\u00e9 de 2000 m2 avec portail radio-command\u00e9 et parking priv\u00e9.<\/p>\n\n\n\n<ul class=\"wp-block-list\">\n<li>Espace chambre avec un lit de 140 cm, coin salon et salle \u00e0 manger.<\/li>\n\n\n\n<li>Kitchenette toute \u00e9quip\u00e9e.<\/li>\n\n\n\n<li>Wifi (fibre) , t\u00e9l\u00e9vision, lave-linge.<\/li>\n\n\n\n<li>Salle de douche et cabinet de toilette avec WC ind\u00e9pendant.<\/li>\n\n\n\n<li>Climatisation r\u00e9versible, pour un confort id\u00e9al en toutes saisons.<\/li>\n\n\n\n<li>Linge de maison fourni.<\/li>\n\n\n\n<li>Possibilit\u00e9 de louer des v\u00e9los \u00e0 assistance \u00e9lectrique.<\/li>\n\n\n\n<li>Les chiens ne sont pas admis.<\/li>\n\n\n\n<li>Piscine chauff\u00e9e (avril \u00e0 octobre) de 5 x 10 m\u00e8tres r\u00e9serv\u00e9e pour les locataires de l&rsquo;annexe et les propri\u00e9taires.<\/li>\n<\/ul>\n\n\n\n<p class=\"has-text-align-center has-black-color has-text-color\"><a href=\"https:\/\/leshautsdesaintsiffret.fr\/wp-content\/uploads\/2025\/03\/Bienvenue-aux-Hauts-de-Saint-Siffret-Gard-1.mp4\" data-type=\"URL\" data-id=\"https:\/\/www.youtube.com\/watch?v=yANshUuBQq0\">Voir la video plein \u00e9cran<\/a><\/p>\n\n\n\n<p><\/p>\n","protected":false},"excerpt":{"rendered":"<p>Id\u00e9alement situ\u00e9 dans le quartier r\u00e9sidentiel des Darbounelles de Saint Siffret, vous serez accueilli(e)s seul(e) ou \u00e0 deux (sans enfant) dans une annexe ind\u00e9pendante de 35 m2 au bord de notre belle piscine, dans un jardin clos ombrag\u00e9 de 2000 m2 avec portail radio-command\u00e9 et parking priv\u00e9. Voir la video plein \u00e9cran<\/p>\n","protected":false},"author":1,"featured_media":0,"parent":0,"menu_order":0,"comment_status":"closed","ping_status":"closed","template":"","meta":{"footnotes":""},"class_list":["post-14","page","type-page","status-publish","hentry","entry"],"_links":{"self":[{"href":"https:\/\/leshautsdesaintsiffret.fr\/index.php?rest_route=\/wp\/v2\/pages\/14","targetHints":{"allow":["GET"]}}],"collection":[{"href":"https:\/\/leshautsdesaintsiffret.fr\/index.php?rest_route=\/wp\/v2\/pages"}],"about":[{"href":"https:\/\/leshautsdesaintsiffret.fr\/index.php?rest_route=\/wp\/v2\/types\/page"}],"author":[{"embeddable":true,"href":"https:\/\/leshautsdesaintsiffret.fr\/index.php?rest_route=\/wp\/v2\/users\/1"}],"replies":[{"embeddable":true,"href":"https:\/\/leshautsdesaintsiffret.fr\/index.php?rest_route=%2Fwp%2Fv2%2Fcomments&post=14"}],"version-history":[{"count":24,"href":"https:\/\/leshautsdesaintsiffret.fr\/index.php?rest_route=\/wp\/v2\/pages\/14\/revisions"}],"predecessor-version":[{"id":312,"href":"https:\/\/leshautsdesaintsiffret.fr\/index.php?rest_route=\/wp\/v2\/pages\/14\/revisions\/312"}],"wp:attachment":[{"href":"https:\/\/leshautsdesaintsiffret.fr\/index.php?rest_route=%2Fwp%2Fv2%2Fmedia&parent=14"}],"curies":[{"name":"wp","href":"https:\/\/api.w.org\/{rel}","templated":true}]}}