{"id":15,"date":"2022-10-06T15:20:51","date_gmt":"2022-10-06T13:20:51","guid":{"rendered":"https:\/\/leshautsdesaintsiffret.fr\/?page_id=15"},"modified":"2025-03-04T14:07:17","modified_gmt":"2025-03-04T13:07:17","slug":"contact","status":"publish","type":"page","link":"https:\/\/leshautsdesaintsiffret.fr\/?page_id=15","title":{"rendered":"Nous contacter&#8230;"},"content":{"rendered":"\n<p>Une question, une pr\u00e9cision, une demande de disponibilit\u00e9s: <br>nous vous r\u00e9pondons rapidement, et avec plaisir! <\/p>\n\n\n\n<ul class=\"wp-block-list\">\n<li><a href=\"mailto:contact@leshautsdesaintsiffret.fr\">contact@leshautsdesaintsiffret.fr<\/a><\/li>\n\n\n\n<li>Corinne: (+33) 07 66 30 28 56 <\/li>\n\n\n\n<li>Pierre:    (+33) 06 30 98 67 20<\/li>\n<\/ul>\n\n\n\n<p>200, chemin des Darbounelles \u00e0 30700 Saint-Siffret<br>Siret 94014534500010<\/p>\n\n\n\n<p><\/p>\n","protected":false},"excerpt":{"rendered":"<p>Une question, une pr\u00e9cision, une demande de disponibilit\u00e9s: nous vous r\u00e9pondons rapidement, et avec plaisir! 200, chemin des Darbounelles \u00e0 30700 Saint-SiffretSiret 94014534500010<\/p>\n","protected":false},"author":1,"featured_media":0,"parent":0,"menu_order":0,"comment_status":"closed","ping_status":"closed","template":"","meta":{"footnotes":""},"class_list":["post-15","page","type-page","status-publish","hentry","entry"],"_links":{"self":[{"href":"https:\/\/leshautsdesaintsiffret.fr\/index.php?rest_route=\/wp\/v2\/pages\/15","targetHints":{"allow":["GET"]}}],"collection":[{"href":"https:\/\/leshautsdesaintsiffret.fr\/index.php?rest_route=\/wp\/v2\/pages"}],"about":[{"href":"https:\/\/leshautsdesaintsiffret.fr\/index.php?rest_route=\/wp\/v2\/types\/page"}],"author":[{"embeddable":true,"href":"https:\/\/leshautsdesaintsiffret.fr\/index.php?rest_route=\/wp\/v2\/users\/1"}],"replies":[{"embeddable":true,"href":"https:\/\/leshautsdesaintsiffret.fr\/index.php?rest_route=%2Fwp%2Fv2%2Fcomments&post=15"}],"version-history":[{"count":16,"href":"https:\/\/leshautsdesaintsiffret.fr\/index.php?rest_route=\/wp\/v2\/pages\/15\/revisions"}],"predecessor-version":[{"id":310,"href":"https:\/\/leshautsdesaintsiffret.fr\/index.php?rest_route=\/wp\/v2\/pages\/15\/revisions\/310"}],"wp:attachment":[{"href":"https:\/\/leshautsdesaintsiffret.fr\/index.php?rest_route=%2Fwp%2Fv2%2Fmedia&parent=15"}],"curies":[{"name":"wp","href":"https:\/\/api.w.org\/{rel}","templated":true}]}}