{"id":16,"date":"2022-10-06T15:20:51","date_gmt":"2022-10-06T13:20:51","guid":{"rendered":"https:\/\/leshautsdesaintsiffret.fr\/?page_id=16"},"modified":"2025-12-06T18:06:05","modified_gmt":"2025-12-06T17:06:05","slug":"blog","status":"publish","type":"page","link":"https:\/\/leshautsdesaintsiffret.fr\/?page_id=16","title":{"rendered":"Les prix"},"content":{"rendered":"\n<div class=\"wp-block-group is-vertical is-layout-flex wp-container-core-group-is-layout-8cf370e7 wp-block-group-is-layout-flex\">\n<p class=\"has-black-color has-text-color has-large-font-size\"><strong>Haute saison, de mai \u00e0 mi-septembre<\/strong><\/p>\n\n\n\n<p class=\"has-black-color has-text-color\">7 nuits, du samedi au samedi: 700&nbsp;\u20ac soit 100 \u20ac\/nuit\u00e9e, frais de m\u00e9nage offerts<\/p>\n\n\n\n<p>Am\u00e9nagements possibles en fonction des disponibilit\u00e9s: nous contacter<\/p>\n\n\n\n<p class=\"has-black-color has-text-color has-large-font-size\"><strong>Basse saison, de mi-septembre \u00e0 avril<\/strong><\/p>\n\n\n\n<p class=\"has-black-color has-text-color\">La nuit\u00e9e: 90 \u20ac <\/p>\n\n\n\n<p class=\"has-black-color has-text-color\">Week-end: 250 \u20ac<\/p>\n\n\n\n<p>Frais de m\u00e9nage: 20&nbsp;\u20ac<\/p>\n\n\n\n<p>7 nuits: 560\u00a0\u20ac soit 80 \u20ac\/nuit\u00e9e,frais de m\u00e9nage offerts<br><\/p>\n<\/div>\n\n\n\n<p><\/p>\n\n\n\n<div class=\"wp-block-group is-vertical is-layout-flex wp-container-core-group-is-layout-8cf370e7 wp-block-group-is-layout-flex\">\n<p class=\"has-black-color has-text-color\"><\/p>\n\n\n\n<p class=\"has-black-color has-text-color\"><\/p>\n\n\n\n<p><\/p>\n\n\n\n<p><\/p>\n<\/div>\n","protected":false},"excerpt":{"rendered":"<p>Haute saison, de mai \u00e0 mi-septembre 7 nuits, du samedi au samedi: 700&nbsp;\u20ac soit 100 \u20ac\/nuit\u00e9e, frais de m\u00e9nage offerts Am\u00e9nagements possibles en fonction des disponibilit\u00e9s: nous contacter Basse saison, de mi-septembre \u00e0 avril La nuit\u00e9e: 90 \u20ac Week-end: 250 \u20ac Frais de m\u00e9nage: 20&nbsp;\u20ac 7 nuits: 560\u00a0\u20ac soit 80 \u20ac\/nuit\u00e9e,frais de m\u00e9nage offerts<\/p>\n","protected":false},"author":1,"featured_media":0,"parent":0,"menu_order":0,"comment_status":"closed","ping_status":"closed","template":"","meta":{"footnotes":""},"class_list":["post-16","page","type-page","status-publish","hentry","entry"],"_links":{"self":[{"href":"https:\/\/leshautsdesaintsiffret.fr\/index.php?rest_route=\/wp\/v2\/pages\/16","targetHints":{"allow":["GET"]}}],"collection":[{"href":"https:\/\/leshautsdesaintsiffret.fr\/index.php?rest_route=\/wp\/v2\/pages"}],"about":[{"href":"https:\/\/leshautsdesaintsiffret.fr\/index.php?rest_route=\/wp\/v2\/types\/page"}],"author":[{"embeddable":true,"href":"https:\/\/leshautsdesaintsiffret.fr\/index.php?rest_route=\/wp\/v2\/users\/1"}],"replies":[{"embeddable":true,"href":"https:\/\/leshautsdesaintsiffret.fr\/index.php?rest_route=%2Fwp%2Fv2%2Fcomments&post=16"}],"version-history":[{"count":13,"href":"https:\/\/leshautsdesaintsiffret.fr\/index.php?rest_route=\/wp\/v2\/pages\/16\/revisions"}],"predecessor-version":[{"id":318,"href":"https:\/\/leshautsdesaintsiffret.fr\/index.php?rest_route=\/wp\/v2\/pages\/16\/revisions\/318"}],"wp:attachment":[{"href":"https:\/\/leshautsdesaintsiffret.fr\/index.php?rest_route=%2Fwp%2Fv2%2Fmedia&parent=16"}],"curies":[{"name":"wp","href":"https:\/\/api.w.org\/{rel}","templated":true}]}}