{"id":98,"date":"2022-10-07T10:18:56","date_gmt":"2022-10-07T08:18:56","guid":{"rendered":"https:\/\/leshautsdesaintsiffret.fr\/?page_id=98"},"modified":"2025-12-29T13:44:38","modified_gmt":"2025-12-29T12:44:38","slug":"lenvironnement","status":"publish","type":"page","link":"https:\/\/leshautsdesaintsiffret.fr\/?page_id=98","title":{"rendered":"L&rsquo;environnement"},"content":{"rendered":"\n<p>La maison est situ\u00e9e \u00e0 quelques pas de la garrigue : <a href=\"https:\/\/www.google.com\/maps\/place\/Les+hauts+de+Saint+Siffret\/@44.00745,4.4697481,793m\/data=!3m2!1e3!4b1!4m15!1m5!8m4!1e4!2s109495946607896213779!3m1!1e1!3m8!1s0x12b5cb003caa3dc1:0x4ff216a45926df99!5m2!4m1!1i2!8m2!3d44.00745!4d4.472323!16s%2Fg%2F11vrdvbc62?entry=ttu&amp;g_ep=EgoyMDI0MTAyMy4wIKXMDSoASAFQAw%3D%3D\">voir sur Google Maps.<\/a><\/p>\n\n\n\n<p><strong>Uz\u00e8s <\/strong>\u00e0 6 km, le <strong>Pont du Gard<\/strong> \u00e0 8 km, les <strong>Gorges du Gardon<\/strong> \u00e0 10 km, <strong>N\u00eemes et son a\u00e9roport<\/strong> \u00e0 25 km, <strong>Avignon <\/strong>\u00e0 28 km, la Camargue \u00e0 1 heure de voiture: Saint Siffret est au c\u0153ur d&rsquo;une  r\u00e9gion qui regorge de sites naturels et de villes charg\u00e9es d&rsquo;histoire.<\/p>\n\n\n\n<div class=\"wp-block-columns alignwide are-vertically-aligned-center is-style-twentytwentyone-columns-overlap is-layout-flex wp-container-core-columns-is-layout-9d6595d7 wp-block-columns-is-layout-flex\">\n<div class=\"wp-block-column is-vertically-aligned-center is-layout-flow wp-block-column-is-layout-flow\">\n<figure class=\"wp-block-image alignfull size-large is-style-twentytwentyone-border\"><img loading=\"lazy\" decoding=\"async\" width=\"1024\" height=\"683\" src=\"http:\/\/leshautsdesaintsiffret.fr\/wp-content\/uploads\/2024\/02\/placeauxherbes-1024x683.jpg\" alt=\"\" class=\"wp-image-215\" srcset=\"https:\/\/leshautsdesaintsiffret.fr\/wp-content\/uploads\/2024\/02\/placeauxherbes-1024x683.jpg 1024w, https:\/\/leshautsdesaintsiffret.fr\/wp-content\/uploads\/2024\/02\/placeauxherbes-300x200.jpg 300w, https:\/\/leshautsdesaintsiffret.fr\/wp-content\/uploads\/2024\/02\/placeauxherbes-768x512.jpg 768w, https:\/\/leshautsdesaintsiffret.fr\/wp-content\/uploads\/2024\/02\/placeauxherbes.jpg 1280w\" sizes=\"auto, (max-width: 1024px) 100vw, 1024px\" \/><\/figure>\n\n\n\n<div style=\"height:100px\" aria-hidden=\"true\" class=\"wp-block-spacer\"><\/div>\n\n\n\n<figure class=\"wp-block-image alignfull size-large is-style-twentytwentyone-image-frame\"><img loading=\"lazy\" decoding=\"async\" width=\"1024\" height=\"682\" src=\"https:\/\/leshautsdesaintsiffret.fr\/wp-content\/uploads\/2022\/10\/DSC_0672-1024x682.jpg\" alt=\"\" class=\"wp-image-104\" srcset=\"https:\/\/leshautsdesaintsiffret.fr\/wp-content\/uploads\/2022\/10\/DSC_0672-1024x682.jpg 1024w, https:\/\/leshautsdesaintsiffret.fr\/wp-content\/uploads\/2022\/10\/DSC_0672-300x200.jpg 300w, https:\/\/leshautsdesaintsiffret.fr\/wp-content\/uploads\/2022\/10\/DSC_0672-768x511.jpg 768w, https:\/\/leshautsdesaintsiffret.fr\/wp-content\/uploads\/2022\/10\/DSC_0672-1536x1023.jpg 1536w, https:\/\/leshautsdesaintsiffret.fr\/wp-content\/uploads\/2022\/10\/DSC_0672-2048x1364.jpg 2048w, https:\/\/leshautsdesaintsiffret.fr\/wp-content\/uploads\/2022\/10\/DSC_0672-1568x1044.jpg 1568w\" sizes=\"auto, (max-width: 1024px) 100vw, 1024px\" \/><\/figure>\n<\/div>\n\n\n\n<div class=\"wp-block-column is-vertically-aligned-center is-layout-flow wp-block-column-is-layout-flow\">\n<figure class=\"wp-block-image size-large alignfull size-full is-style-twentytwentyone-border\"><img loading=\"lazy\" decoding=\"async\" width=\"1024\" height=\"768\" src=\"https:\/\/leshautsdesaintsiffret.fr\/wp-content\/uploads\/2022\/10\/DSCN5846_DxO-1024x768.jpg\" alt=\"\" class=\"wp-image-103\" srcset=\"https:\/\/leshautsdesaintsiffret.fr\/wp-content\/uploads\/2022\/10\/DSCN5846_DxO-1024x768.jpg 1024w, https:\/\/leshautsdesaintsiffret.fr\/wp-content\/uploads\/2022\/10\/DSCN5846_DxO-300x225.jpg 300w, https:\/\/leshautsdesaintsiffret.fr\/wp-content\/uploads\/2022\/10\/DSCN5846_DxO-768x576.jpg 768w, https:\/\/leshautsdesaintsiffret.fr\/wp-content\/uploads\/2022\/10\/DSCN5846_DxO-1536x1152.jpg 1536w, https:\/\/leshautsdesaintsiffret.fr\/wp-content\/uploads\/2022\/10\/DSCN5846_DxO-2048x1536.jpg 2048w, https:\/\/leshautsdesaintsiffret.fr\/wp-content\/uploads\/2022\/10\/DSCN5846_DxO-1568x1176.jpg 1568w\" sizes=\"auto, (max-width: 1024px) 100vw, 1024px\" \/><\/figure>\n<\/div>\n<\/div>\n\n\n\n<div class=\"wp-block-columns alignwide are-vertically-aligned-center is-style-twentytwentyone-columns-overlap is-layout-flex wp-container-core-columns-is-layout-9d6595d7 wp-block-columns-is-layout-flex\">\n<div class=\"wp-block-column is-vertically-aligned-center is-layout-flow wp-block-column-is-layout-flow\">\n<figure class=\"wp-block-image alignfull size-large is-style-twentytwentyone-border\"><img decoding=\"async\" src=\"https:\/\/www.sncf-connect.com\/assets\/styles\/ratio_2_1_max_width_961\/public\/media\/2021-10\/pont-d-avignon-avec-le-palais-des-papes.jpg?h=7f4e8fc7&amp;itok=B4qOl9It\" alt=\"\"\/><\/figure>\n\n\n\n<div style=\"height:100px\" aria-hidden=\"true\" class=\"wp-block-spacer\"><\/div>\n\n\n\n<figure class=\"wp-block-image alignfull size-large is-style-twentytwentyone-image-frame\"><img loading=\"lazy\" decoding=\"async\" width=\"1024\" height=\"768\" src=\"http:\/\/leshautsdesaintsiffret.fr\/wp-content\/uploads\/2022\/10\/DSCN5820-1024x768.jpg\" alt=\"\" class=\"wp-image-102\" srcset=\"https:\/\/leshautsdesaintsiffret.fr\/wp-content\/uploads\/2022\/10\/DSCN5820-1024x768.jpg 1024w, https:\/\/leshautsdesaintsiffret.fr\/wp-content\/uploads\/2022\/10\/DSCN5820-300x225.jpg 300w, https:\/\/leshautsdesaintsiffret.fr\/wp-content\/uploads\/2022\/10\/DSCN5820-768x576.jpg 768w, https:\/\/leshautsdesaintsiffret.fr\/wp-content\/uploads\/2022\/10\/DSCN5820-1536x1152.jpg 1536w, https:\/\/leshautsdesaintsiffret.fr\/wp-content\/uploads\/2022\/10\/DSCN5820-2048x1536.jpg 2048w, https:\/\/leshautsdesaintsiffret.fr\/wp-content\/uploads\/2022\/10\/DSCN5820-1568x1176.jpg 1568w\" sizes=\"auto, (max-width: 1024px) 100vw, 1024px\" \/><\/figure>\n<\/div>\n\n\n\n<div class=\"wp-block-column is-vertically-aligned-center is-layout-flow wp-block-column-is-layout-flow\">\n<figure class=\"wp-block-image size-large alignfull size-full is-style-twentytwentyone-border\"><img decoding=\"async\" src=\"https:\/\/www.sudissimo.com\/wp-content\/uploads\/2020\/06\/uzes-le-pont-du-gard-patrimoine-unesco.jpg\" alt=\"\"\/><\/figure>\n<\/div>\n<\/div>\n\n\n\n<p class=\"has-extra-large-font-size\">Et aussi&#8230;<br><\/p>\n\n\n\n<figure class=\"wp-block-image size-full\"><img loading=\"lazy\" decoding=\"async\" width=\"866\" height=\"649\" src=\"http:\/\/leshautsdesaintsiffret.fr\/wp-content\/uploads\/2024\/10\/TC_StSiffret-1.jpg\" alt=\"\" class=\"wp-image-281\" srcset=\"https:\/\/leshautsdesaintsiffret.fr\/wp-content\/uploads\/2024\/10\/TC_StSiffret-1.jpg 866w, https:\/\/leshautsdesaintsiffret.fr\/wp-content\/uploads\/2024\/10\/TC_StSiffret-1-300x225.jpg 300w, https:\/\/leshautsdesaintsiffret.fr\/wp-content\/uploads\/2024\/10\/TC_StSiffret-1-768x576.jpg 768w\" sizes=\"auto, (max-width: 866px) 100vw, 866px\" \/><\/figure>\n\n\n\n<p>Le Tennis Club de Saint-Siffret, \u00e0 5 minutes \u00e0 pied (possibilit\u00e9 de louer les terrains \u00e0 l&rsquo;heure).<\/p>\n\n\n\n<figure class=\"wp-block-image size-full\"><img loading=\"lazy\" decoding=\"async\" width=\"1024\" height=\"683\" src=\"http:\/\/leshautsdesaintsiffret.fr\/wp-content\/uploads\/2025\/12\/GOLFUZESmat20120707_1000-1024x683-1.jpg\" alt=\"\" class=\"wp-image-320\" srcset=\"https:\/\/leshautsdesaintsiffret.fr\/wp-content\/uploads\/2025\/12\/GOLFUZESmat20120707_1000-1024x683-1.jpg 1024w, https:\/\/leshautsdesaintsiffret.fr\/wp-content\/uploads\/2025\/12\/GOLFUZESmat20120707_1000-1024x683-1-300x200.jpg 300w, https:\/\/leshautsdesaintsiffret.fr\/wp-content\/uploads\/2025\/12\/GOLFUZESmat20120707_1000-1024x683-1-768x512.jpg 768w\" sizes=\"auto, (max-width: 1024px) 100vw, 1024px\" \/><\/figure>\n\n\n\n<p>Un terrain de golf de neuf trous sur 27 hectares riche de variations et de difficult\u00e9s \u00e0 m\u00eame de s\u00e9duire les joueurs d\u00e9butants comme les plus chevronn\u00e9s, \u00e0 quelques minutes: <br><a href=\"https:\/\/www.golfuzes.fr\/\">https:\/\/www.golfuzes.fr\/<\/a> <br><\/p>\n\n\n\n<figure class=\"wp-block-image size-large\"><img decoding=\"async\" src=\"https:\/\/lh3.googleusercontent.com\/p\/AF1QipMNqx-OEtCIOK0Gnt2JDKRROxKhb282IU37q7Aj=s680-w680-h510\" alt=\"\"\/><\/figure>\n\n\n\n<p>L&rsquo;a\u00e9roclub d&rsquo;Uz\u00e8s qui propose des vols d\u00e9couverte inoubliables avec survol d&rsquo;Uz\u00e8s et du Pont du Gard, ainsi que des vols d&rsquo;initiation: <br><a href=\"https:\/\/www.aeroclub-uzes.eu\/\">https:\/\/www.aeroclub-uzes.eu<\/a><\/p>\n\n\n\n\n\n\n\n<p><\/p>\n","protected":false},"excerpt":{"rendered":"<p>La maison est situ\u00e9e \u00e0 quelques pas de la garrigue : voir sur Google Maps. Uz\u00e8s \u00e0 6 km, le Pont du Gard \u00e0 8 km, les Gorges du Gardon \u00e0 10 km, N\u00eemes et son a\u00e9roport \u00e0 25 km, Avignon \u00e0 28 km, la Camargue \u00e0 1 heure de voiture: Saint Siffret est au&hellip; <a class=\"more-link\" href=\"https:\/\/leshautsdesaintsiffret.fr\/?page_id=98\">Poursuivre la lecture <span class=\"screen-reader-text\">L&rsquo;environnement<\/span><\/a><\/p>\n","protected":false},"author":1,"featured_media":0,"parent":0,"menu_order":0,"comment_status":"closed","ping_status":"closed","template":"","meta":{"footnotes":""},"class_list":["post-98","page","type-page","status-publish","hentry","entry"],"_links":{"self":[{"href":"https:\/\/leshautsdesaintsiffret.fr\/index.php?rest_route=\/wp\/v2\/pages\/98","targetHints":{"allow":["GET"]}}],"collection":[{"href":"https:\/\/leshautsdesaintsiffret.fr\/index.php?rest_route=\/wp\/v2\/pages"}],"about":[{"href":"https:\/\/leshautsdesaintsiffret.fr\/index.php?rest_route=\/wp\/v2\/types\/page"}],"author":[{"embeddable":true,"href":"https:\/\/leshautsdesaintsiffret.fr\/index.php?rest_route=\/wp\/v2\/users\/1"}],"replies":[{"embeddable":true,"href":"https:\/\/leshautsdesaintsiffret.fr\/index.php?rest_route=%2Fwp%2Fv2%2Fcomments&post=98"}],"version-history":[{"count":13,"href":"https:\/\/leshautsdesaintsiffret.fr\/index.php?rest_route=\/wp\/v2\/pages\/98\/revisions"}],"predecessor-version":[{"id":322,"href":"https:\/\/leshautsdesaintsiffret.fr\/index.php?rest_route=\/wp\/v2\/pages\/98\/revisions\/322"}],"wp:attachment":[{"href":"https:\/\/leshautsdesaintsiffret.fr\/index.php?rest_route=%2Fwp%2Fv2%2Fmedia&parent=98"}],"curies":[{"name":"wp","href":"https:\/\/api.w.org\/{rel}","templated":true}]}}